{"id":116,"date":"2019-01-27T18:20:11","date_gmt":"2019-01-27T17:20:11","guid":{"rendered":"http:\/\/www.schuetzenverein-hailfingen.de\/?page_id=116"},"modified":"2019-12-01T12:54:05","modified_gmt":"2019-12-01T11:54:05","slug":"sitemap","status":"publish","type":"page","link":"https:\/\/www.schuetzenverein-hailfingen.de\/?page_id=116","title":{"rendered":"Sitemap"},"content":{"rendered":"\n<p>Da auf einigen Mobilger\u00e4ten das Men\u00fc nicht vollst\u00e4ndig dargestellt wird, sind hier nochmals alle Seiten f\u00fcr den Direktzugriff aufgelistet.<\/p>\n\n\n\n<p><strong>\n<!-- Page-list plugin v.5.9 wordpress.org\/plugins\/page-list\/ -->\n<ul class=\"page-list \">\n<li class=\"page_item page-item-47\"><a href=\"https:\/\/www.schuetzenverein-hailfingen.de\/?page_id=47\">Datenschutzerkl\u00e4rung<\/a><\/li>\n<li class=\"page_item page-item-71\"><a href=\"https:\/\/www.schuetzenverein-hailfingen.de\/?page_id=71\">Impressum<\/a><\/li>\n<li class=\"page_item page-item-731 page_item_has_children\"><a href=\"https:\/\/www.schuetzenverein-hailfingen.de\/?page_id=731\">Jubil\u00e4um 2026<\/a>\n<ul class='children'>\n\t<li class=\"page_item page-item-815\"><a href=\"https:\/\/www.schuetzenverein-hailfingen.de\/?page_id=815\">Anfahrt &amp; Parken<\/a><\/li>\n\t<li class=\"page_item page-item-737\"><a href=\"https:\/\/www.schuetzenverein-hailfingen.de\/?page_id=737\">Unser Programm zum Sch\u00fctzenfest<\/a><\/li>\n\t<li class=\"page_item page-item-739\"><a href=\"https:\/\/www.schuetzenverein-hailfingen.de\/?page_id=739\">Wir suchen Dich &#8211; Helfereinteilung<\/a><\/li>\n\t<li class=\"page_item page-item-741\"><a href=\"https:\/\/www.schuetzenverein-hailfingen.de\/?page_id=741\">Sponsoren<\/a><\/li>\n<\/ul>\n<\/li>\n<li class=\"page_item page-item-327\"><a href=\"https:\/\/www.schuetzenverein-hailfingen.de\/?page_id=327\">RoM\u00e4rkle<\/a><\/li>\n<li class=\"page_item page-item-98 page_item_has_children\"><a href=\"https:\/\/www.schuetzenverein-hailfingen.de\/?page_id=98\">Sch\u00fctzenhaus<\/a>\n<ul class='children'>\n\t<li class=\"page_item page-item-222\"><a href=\"https:\/\/www.schuetzenverein-hailfingen.de\/?page_id=222\">Die Aussenanlage<\/a><\/li>\n\t<li class=\"page_item page-item-214\"><a href=\"https:\/\/www.schuetzenverein-hailfingen.de\/?page_id=214\">Unser Wirtschaftsraum<\/a><\/li>\n\t<li class=\"page_item page-item-100\"><a href=\"https:\/\/www.schuetzenverein-hailfingen.de\/?page_id=100\">\u00d6ffnungszeiten<\/a><\/li>\n\t<li class=\"page_item page-item-12\"><a href=\"https:\/\/www.schuetzenverein-hailfingen.de\/?page_id=12\">Vermietungen<\/a><\/li>\n<\/ul>\n<\/li>\n<li class=\"page_item page-item-116\"><a href=\"https:\/\/www.schuetzenverein-hailfingen.de\/?page_id=116\">Sitemap<\/a><\/li>\n<li class=\"page_item page-item-285\"><a href=\"https:\/\/www.schuetzenverein-hailfingen.de\/?page_id=285\">Sport<\/a><\/li>\n<li class=\"page_item page-item-8\"><a href=\"https:\/\/www.schuetzenverein-hailfingen.de\/\">Start<\/a><\/li>\n<li class=\"page_item page-item-2 page_item_has_children\"><a href=\"https:\/\/www.schuetzenverein-hailfingen.de\/?page_id=2\">Unser Verein<\/a>\n<ul class='children'>\n\t<li class=\"page_item page-item-382\"><a href=\"https:\/\/www.schuetzenverein-hailfingen.de\/?page_id=382\">Dokumente und Downloads<\/a><\/li>\n\t<li class=\"page_item page-item-22\"><a href=\"https:\/\/www.schuetzenverein-hailfingen.de\/?page_id=22\">Kontakt<\/a><\/li>\n<\/ul>\n<\/li>\n<li class=\"page_item page-item-269 page_item_has_children\"><a href=\"https:\/\/www.schuetzenverein-hailfingen.de\/?page_id=269\">Veranstaltungen<\/a>\n<ul class='children'>\n\t<li class=\"page_item page-item-724\"><a href=\"https:\/\/www.schuetzenverein-hailfingen.de\/?page_id=724\">Bericht Dorfpokalschie\u00dfen 2025<\/a><\/li>\n\t<li class=\"page_item page-item-750\"><a href=\"https:\/\/www.schuetzenverein-hailfingen.de\/?page_id=750\">Schie\u00dfbudenbetrieb an der Hocketse 2025<\/a><\/li>\n\t<li class=\"page_item page-item-463\"><a href=\"https:\/\/www.schuetzenverein-hailfingen.de\/?page_id=463\">Dorfpokalschie\u00dfen 2026<\/a><\/li>\n\t<li class=\"page_item page-item-657\"><a href=\"https:\/\/www.schuetzenverein-hailfingen.de\/?page_id=657\">Schie\u00dfbudenbetrieb an der Hocketse 2024<\/a><\/li>\n\t<li class=\"page_item page-item-582\"><a href=\"https:\/\/www.schuetzenverein-hailfingen.de\/?page_id=582\">Bericht Dorfpokalschie\u00dfen 2024<\/a><\/li>\n\t<li class=\"page_item page-item-532\"><a href=\"https:\/\/www.schuetzenverein-hailfingen.de\/?page_id=532\">Bericht Dorfpokalschie\u00dfen 2023<\/a><\/li>\n\t<li class=\"page_item page-item-256\"><a href=\"https:\/\/www.schuetzenverein-hailfingen.de\/?page_id=256\">Neckarfest 2019<\/a><\/li>\n\t<li class=\"page_item page-item-468\"><a href=\"https:\/\/www.schuetzenverein-hailfingen.de\/?page_id=468\">Schie\u00dfbudenbetrieb an der Hocketse 2023<\/a><\/li>\n\t<li class=\"page_item page-item-254\"><a href=\"https:\/\/www.schuetzenverein-hailfingen.de\/?page_id=254\">Bericht Dorfpokalschie\u00dfen 2019<\/a><\/li>\n<\/ul>\n<\/li>\n<li class=\"page_item page-item-306\"><a href=\"https:\/\/www.schuetzenverein-hailfingen.de\/?page_id=306\">Verkaufsb\u00f6rse<\/a><\/li>\n<li class=\"page_item page-item-352\"><a href=\"https:\/\/www.schuetzenverein-hailfingen.de\/?page_id=352\">Warum Sportschie\u00dfen ?<\/a><\/li>\n\n<\/ul><\/strong><\/p>\n","protected":false},"excerpt":{"rendered":"<p>Da auf einigen Mobilger\u00e4ten das Men\u00fc nicht vollst\u00e4ndig dargestellt wird, sind hier nochmals alle Seiten f\u00fcr den Direktzugriff aufgelistet.<\/p>\n","protected":false},"author":1,"featured_media":0,"parent":0,"menu_order":0,"comment_status":"closed","ping_status":"closed","template":"","meta":{"footnotes":""},"class_list":["post-116","page","type-page","status-publish","hentry"],"_links":{"self":[{"href":"https:\/\/www.schuetzenverein-hailfingen.de\/index.php?rest_route=\/wp\/v2\/pages\/116","targetHints":{"allow":["GET"]}}],"collection":[{"href":"https:\/\/www.schuetzenverein-hailfingen.de\/index.php?rest_route=\/wp\/v2\/pages"}],"about":[{"href":"https:\/\/www.schuetzenverein-hailfingen.de\/index.php?rest_route=\/wp\/v2\/types\/page"}],"author":[{"embeddable":true,"href":"https:\/\/www.schuetzenverein-hailfingen.de\/index.php?rest_route=\/wp\/v2\/users\/1"}],"replies":[{"embeddable":true,"href":"https:\/\/www.schuetzenverein-hailfingen.de\/index.php?rest_route=%2Fwp%2Fv2%2Fcomments&post=116"}],"version-history":[{"count":8,"href":"https:\/\/www.schuetzenverein-hailfingen.de\/index.php?rest_route=\/wp\/v2\/pages\/116\/revisions"}],"predecessor-version":[{"id":294,"href":"https:\/\/www.schuetzenverein-hailfingen.de\/index.php?rest_route=\/wp\/v2\/pages\/116\/revisions\/294"}],"wp:attachment":[{"href":"https:\/\/www.schuetzenverein-hailfingen.de\/index.php?rest_route=%2Fwp%2Fv2%2Fmedia&parent=116"}],"curies":[{"name":"wp","href":"https:\/\/api.w.org\/{rel}","templated":true}]}}