{"id":254,"date":"2019-06-16T14:00:15","date_gmt":"2019-06-16T13:00:15","guid":{"rendered":"http:\/\/www.schuetzenverein-hailfingen.de\/?page_id=254"},"modified":"2025-03-15T14:05:12","modified_gmt":"2025-03-15T13:05:12","slug":"dorfpokalschiessen-2019","status":"publish","type":"page","link":"https:\/\/www.schuetzenverein-hailfingen.de\/?page_id=254","title":{"rendered":"Bericht Dorfpokalschie\u00dfen 2019"},"content":{"rendered":"\n<p><strong>Bericht\n\u00fcber das Dorfpokalschie\u00dfen des Sch\u00fctzenverein Hailfingen e.V. vom 28.04.2019<\/strong><\/p>\n\n\n\n<p>136 Starter aus 28 Mannschaften\nnahmen in diesem Jahr wieder am sehr beliebten Dorfpokalschie\u00dfen des\nSch\u00fctzenvereins Hailfingen e.V. teil.<\/p>\n\n\n\n<p>Die Vorsitzenden des\nSch\u00fctzenvereins, Florian Rieder und Joachim Baur bedanken sich bei den\nHailfinger Vereinen und Gruppierungen f\u00fcrs Mitmachen und bei den zahlreichen\nHelfern und Kuchenspendern f\u00fcr den reibungslosen Ablauf.<\/p>\n\n\n\n<p>Von <strong>19 Herrenmannschaften<\/strong> gelang der Mannschaft Kinderarche mit 362 Ringen, der 1.Platz. Somit konnten Sie den Wanderpokal in Besitz nehmen.<\/p>\n\n\n\n<p>2.Platz F5 mit 358 Ringen<\/p>\n\n\n\n<p>3.Platz Narrenzunft mit 355\nRingen<\/p>\n\n\n\n<p>4.Platz Musikverein Herren 1 mit\n354 Ringen<\/p>\n\n\n\n<p>5.Platz Tennis Mixed mit 348\nRingen<\/p>\n\n\n\n<p>6.Platz Dorfladen Herren mit 347\nRingen<\/p>\n\n\n\n<p>7.Platz ALTEK mit 346 Ringen<\/p>\n\n\n\n<p>8.Platz Sportverein AH mit 343\nRingen<\/p>\n\n\n\n<p>9.Platz Feuerwehr 1 mit 342\nRingen<\/p>\n\n\n\n<p>10.Platz Team Lager mit 337\nRingen<\/p>\n\n\n\n<p>11.Platz GSN 2 mit 336 Ringen<\/p>\n\n\n\n<p>12.Platz Sportverein Aktive mit\n334 Ringen<\/p>\n\n\n\n<p>13.Platz Lumpenkapelle mit 332\nRingen<\/p>\n\n\n\n<p>14.Platz Horsetack Revolverhelden\nmit 329 Ringen<\/p>\n\n\n\n<p>15.Platz Horsetack Young Guns mit\n326 Ringen.<\/p>\n\n\n\n<p>16.Platz Feuerwehr 2 mit 322\nRingen.<\/p>\n\n\n\n<p>17.Platz Musikverein Herren 2 mit\n322 Ringen.<\/p>\n\n\n\n<p>18.Platz GSN 1 mit 320 Ringen.<\/p>\n\n\n\n<p>19.Platz B\u00fcrgernah mit 314\nRingen.<\/p>\n\n\n\n<p>In der <strong>Einzelwertung <\/strong>erreichte\nBernd Gro\u00dfberger (Musikverein Herren 1) mit 96 von 100 m\u00f6glichen Ringen den\nersten Platz. Gefolgt von Bernd Schneider (Kinderarche) 95 Ringen und auf Platz\n3 Markus Grammer (Kinderarche) mit 94 Ringen.<\/p>\n\n\n\n<p>Bei den <strong>Damen<\/strong> gingen <strong>9\nMannschaften<\/strong> an den Start. Auch sie erzielten beachtliche Ergebnisse. Den\n1. Platz und damit den Wanderpokal gewann der Reit &amp; Fahrverein mit 360\nRingen.<\/p>\n\n\n\n<p>2.Platz Genarationmix mit 347\nRingen<\/p>\n\n\n\n<p>3.Platz Narrenzunft 2 mit 343\nRingen<\/p>\n\n\n\n<p>4.Platz Musikverein Damen mit 343\nRingen<\/p>\n\n\n\n<p>5.Platz Wellnessm\u00e4dels mit 341\nRingen<\/p>\n\n\n\n<p>6.Platz Dorfladen Damen mit 338\nRingen<\/p>\n\n\n\n<p>7.Platz Musikverein Damen 1 mit\n336 Ringen<\/p>\n\n\n\n<p>8.Platz Horsetack Knallerfrauen\nmit 328 Ringen<\/p>\n\n\n\n<p>9.Platz Kinderarche Damen mit 304\nRingen<\/p>\n\n\n\n<p>In der <strong>Einzelwertung<\/strong> kam\nRegina Epple mit 93 Ringen auf den ersten Platz. Steffi Dismar (Reit &amp;\nFahrverein) auf Platz 2 mit 92 Ringen. Dritte wurde Yvonne R\u00f6hn (Dorfladen\nDamen) mit 91 Ringen.<\/p>\n\n\n\n<p>Wie im vergangenen Jahr, wurde\ndieses Mal bei der Siegerehrung wieder unter allen anwesenden, teilnehmenden\nSch\u00fctzen ein Lebensmittelgutschein verlost. Diesen Gutschein gewann Iris von\nZeppelin, die f\u00fcr die Mannschaft Generationmix antrat. <\/p>\n","protected":false},"excerpt":{"rendered":"<p>Bericht \u00fcber das Dorfpokalschie\u00dfen des Sch\u00fctzenverein Hailfingen e.V. vom 28.04.2019 136 Starter aus 28 Mannschaften nahmen in diesem Jahr wieder am sehr beliebten Dorfpokalschie\u00dfen des Sch\u00fctzenvereins Hailfingen e.V. teil. Die Vorsitzenden des Sch\u00fctzenvereins, Florian Rieder und Joachim Baur bedanken sich bei den Hailfinger Vereinen und Gruppierungen f\u00fcrs Mitmachen und bei den zahlreichen Helfern und Kuchenspendern &hellip; <\/p>\n<p class=\"link-more\"><a href=\"https:\/\/www.schuetzenverein-hailfingen.de\/?page_id=254\" class=\"more-link\"><span class=\"screen-reader-text\">\u201eBericht Dorfpokalschie\u00dfen 2019\u201c <\/span>weiterlesen<\/a><\/p>\n","protected":false},"author":5,"featured_media":0,"parent":269,"menu_order":5,"comment_status":"closed","ping_status":"closed","template":"","meta":{"footnotes":""},"class_list":["post-254","page","type-page","status-publish","hentry"],"_links":{"self":[{"href":"https:\/\/www.schuetzenverein-hailfingen.de\/index.php?rest_route=\/wp\/v2\/pages\/254","targetHints":{"allow":["GET"]}}],"collection":[{"href":"https:\/\/www.schuetzenverein-hailfingen.de\/index.php?rest_route=\/wp\/v2\/pages"}],"about":[{"href":"https:\/\/www.schuetzenverein-hailfingen.de\/index.php?rest_route=\/wp\/v2\/types\/page"}],"author":[{"embeddable":true,"href":"https:\/\/www.schuetzenverein-hailfingen.de\/index.php?rest_route=\/wp\/v2\/users\/5"}],"replies":[{"embeddable":true,"href":"https:\/\/www.schuetzenverein-hailfingen.de\/index.php?rest_route=%2Fwp%2Fv2%2Fcomments&post=254"}],"version-history":[{"count":4,"href":"https:\/\/www.schuetzenverein-hailfingen.de\/index.php?rest_route=\/wp\/v2\/pages\/254\/revisions"}],"predecessor-version":[{"id":703,"href":"https:\/\/www.schuetzenverein-hailfingen.de\/index.php?rest_route=\/wp\/v2\/pages\/254\/revisions\/703"}],"up":[{"embeddable":true,"href":"https:\/\/www.schuetzenverein-hailfingen.de\/index.php?rest_route=\/wp\/v2\/pages\/269"}],"wp:attachment":[{"href":"https:\/\/www.schuetzenverein-hailfingen.de\/index.php?rest_route=%2Fwp%2Fv2%2Fmedia&parent=254"}],"curies":[{"name":"wp","href":"https:\/\/api.w.org\/{rel}","templated":true}]}}