{"id":256,"date":"2019-06-16T14:00:27","date_gmt":"2019-06-16T13:00:27","guid":{"rendered":"http:\/\/www.schuetzenverein-hailfingen.de\/?page_id=256"},"modified":"2023-07-27T12:14:42","modified_gmt":"2023-07-27T11:14:42","slug":"neckarfest","status":"publish","type":"page","link":"https:\/\/www.schuetzenverein-hailfingen.de\/?page_id=256","title":{"rendered":"Neckarfest 2019"},"content":{"rendered":"\n<p> Auch dieses Jahr nimmt der Sch\u00fctzenverein Hailfingen am Neckarfest in Rottenburg mit seiner Schie\u00dfbude teil.<br> Geschossen werden kann am Samstag, 29.06. ab 14:00 Uhr und am Sonntag, 30.06. von 11:00 Uhr bis ca. 20:00 Uhr.<br> Unser Standort ist wie jedes Jahr zwischen der Kepplerbr\u00fccke und der Gartenstra\u00dfe N\u00e4he \u201eSch\u00e4nzle\u201c.<br> Wir freuen uns auf Euer kommen! <\/p>\n\n\n\n<figure class=\"wp-block-image is-resized\"><img fetchpriority=\"high\" decoding=\"async\" src=\"https:\/\/www.schuetzenverein-hailfingen.de\/wp-content\/uploads\/2019\/06\/35465317_1647976665313353_1345730837156462592_n.png\" alt=\"\" class=\"wp-image-260\" width=\"393\" height=\"256\" srcset=\"https:\/\/www.schuetzenverein-hailfingen.de\/wp-content\/uploads\/2019\/06\/35465317_1647976665313353_1345730837156462592_n.png 960w, https:\/\/www.schuetzenverein-hailfingen.de\/wp-content\/uploads\/2019\/06\/35465317_1647976665313353_1345730837156462592_n-300x196.png 300w, https:\/\/www.schuetzenverein-hailfingen.de\/wp-content\/uploads\/2019\/06\/35465317_1647976665313353_1345730837156462592_n-768x502.png 768w\" sizes=\"(max-width: 393px) 100vw, 393px\" \/><figcaption class=\"wp-element-caption\">Die Schiessbude<br><br><\/figcaption><\/figure>\n\n\n\n<figure class=\"wp-block-image is-resized\"><img decoding=\"async\" src=\"https:\/\/www.schuetzenverein-hailfingen.de\/wp-content\/uploads\/2019\/06\/Schiessbude.jpg\" alt=\"\" class=\"wp-image-261\" width=\"412\" height=\"234\" srcset=\"https:\/\/www.schuetzenverein-hailfingen.de\/wp-content\/uploads\/2019\/06\/Schiessbude.jpg 796w, https:\/\/www.schuetzenverein-hailfingen.de\/wp-content\/uploads\/2019\/06\/Schiessbude-300x171.jpg 300w, https:\/\/www.schuetzenverein-hailfingen.de\/wp-content\/uploads\/2019\/06\/Schiessbude-768x437.jpg 768w\" sizes=\"(max-width: 412px) 100vw, 412px\" \/><\/figure>\n","protected":false},"excerpt":{"rendered":"<p>Auch dieses Jahr nimmt der Sch\u00fctzenverein Hailfingen am Neckarfest in Rottenburg mit seiner Schie\u00dfbude teil. Geschossen werden kann am Samstag, 29.06. ab 14:00 Uhr und am Sonntag, 30.06. von 11:00 Uhr bis ca. 20:00 Uhr. Unser Standort ist wie jedes Jahr zwischen der Kepplerbr\u00fccke und der Gartenstra\u00dfe N\u00e4he \u201eSch\u00e4nzle\u201c. Wir freuen uns auf Euer kommen!<\/p>\n","protected":false},"author":5,"featured_media":0,"parent":269,"menu_order":4,"comment_status":"closed","ping_status":"closed","template":"","meta":{"footnotes":""},"class_list":["post-256","page","type-page","status-publish","hentry"],"_links":{"self":[{"href":"https:\/\/www.schuetzenverein-hailfingen.de\/index.php?rest_route=\/wp\/v2\/pages\/256","targetHints":{"allow":["GET"]}}],"collection":[{"href":"https:\/\/www.schuetzenverein-hailfingen.de\/index.php?rest_route=\/wp\/v2\/pages"}],"about":[{"href":"https:\/\/www.schuetzenverein-hailfingen.de\/index.php?rest_route=\/wp\/v2\/types\/page"}],"author":[{"embeddable":true,"href":"https:\/\/www.schuetzenverein-hailfingen.de\/index.php?rest_route=\/wp\/v2\/users\/5"}],"replies":[{"embeddable":true,"href":"https:\/\/www.schuetzenverein-hailfingen.de\/index.php?rest_route=%2Fwp%2Fv2%2Fcomments&post=256"}],"version-history":[{"count":4,"href":"https:\/\/www.schuetzenverein-hailfingen.de\/index.php?rest_route=\/wp\/v2\/pages\/256\/revisions"}],"predecessor-version":[{"id":485,"href":"https:\/\/www.schuetzenverein-hailfingen.de\/index.php?rest_route=\/wp\/v2\/pages\/256\/revisions\/485"}],"up":[{"embeddable":true,"href":"https:\/\/www.schuetzenverein-hailfingen.de\/index.php?rest_route=\/wp\/v2\/pages\/269"}],"wp:attachment":[{"href":"https:\/\/www.schuetzenverein-hailfingen.de\/index.php?rest_route=%2Fwp%2Fv2%2Fmedia&parent=256"}],"curies":[{"name":"wp","href":"https:\/\/api.w.org\/{rel}","templated":true}]}}