{"id":352,"date":"2021-07-13T22:38:08","date_gmt":"2021-07-13T21:38:08","guid":{"rendered":"http:\/\/www.schuetzenverein-hailfingen.de\/?page_id=352"},"modified":"2021-08-03T18:53:00","modified_gmt":"2021-08-03T17:53:00","slug":"warum-sportschiessen","status":"publish","type":"page","link":"https:\/\/www.schuetzenverein-hailfingen.de\/?page_id=352","title":{"rendered":"Warum Sportschie\u00dfen ?"},"content":{"rendered":"\n<p>Dauerstress im Arbeitsalltag? Fehlende Konzentration oder Lernschwierigkeiten im Unterricht ihres Kindes? Einfach mal den Kopf nach der Arbeit\/Schule frei bekommen wollen?<\/p>\n\n\n\n<p><strong>Wir helfen weiter!<\/strong> Denn Schie\u00dfsport ist ein Sport, der die Konzentration und Pr\u00e4zision f\u00f6rdert, dabei beruhigt und f\u00fcr den inneren Ausgleich sorgt. Zudem lernt man auf den eigenen K\u00f6rper zu h\u00f6ren.<\/p>\n\n\n\n<p>Am Beispiel Luftgewehr:<\/p>\n\n\n\n<p>Hier gilt es mit einem Sportger\u00e4t auf 10 Meter Entfernung einen nur 0,5 mm gro\u00dfen Punkt m\u00f6glichst oft zu treffen. Die Kunst hierbei ist das erlernte m\u00f6glichst oft zu reproduzieren und zwar so genau wie nur machbar.<\/p>\n\n\n\n<p><strong>Wie wird dies umgesetzt?<\/strong><\/p>\n\n\n\n<p>Wir Trainer stehen euch bei jedem Training zur Seite, erkl\u00e4ren euch den Umgang mit dem Sportger\u00e4t und bringen euch bei, auf den eigenen K\u00f6rper zu h\u00f6ren.<\/p>\n\n\n\n<p>Eure Konzentrationsf\u00e4higkeit und euer Gleichgewichtssinn sind hier gefragt.<\/p>\n\n\n\n<p>Beim Training (vorallem Jugendtraining) werden auch Spiele beim Schie\u00dfsport mit eingesetzt, und es wird nicht immer \u201enur\u201c auf den kleinen schwarzen Punkt geschossen. Auch Ausfl\u00fcge wie z.B. in einen Hochseilgarten werden mal unternommen, um auch hier den K\u00f6rper und den Gleichgewichtssinn auf eine andere Art und Weise zu trainieren.<\/p>\n\n\n\n<p>-Dieser Sport kann auch von k\u00f6rperlich behinderten Menschen Seite an Seite mit nichtbehinderten ausge\u00fcbt werden. Fast parallel zu den Olympischen Spielen finden die sog. Paralympischen Spiele statt.<\/p>\n\n\n\n<p>(https:\/\/www.dbs-npc.de)<\/p>\n\n\n\n<h2 class=\"wp-block-heading\"><a href=\"https:\/\/de.wikipedia.org\/wiki\/Sportschie%C3%9Fen#Klasseneinteilungen_des_DSB\" target=\"_blank\" rel=\"noreferrer noopener\">Klasseneinteilung des DSB auf Wikipedia<\/a><\/h2>\n\n\n\n<p>Der DSB (Deutscher Sch\u00fctzenbund) ist \u00fcbrigens aktuell der Viertgr\u00f6\u00dfte Sportverband in Deutschland! Mit knapp \u00fcber 1,35 Millionen Mitgliedern fast soviel wie der Deutsche Tennis-Bund.<\/p>\n\n\n\n<figure class=\"wp-block-embed-youtube wp-block-embed is-type-video is-provider-youtube wp-embed-aspect-16-9 wp-has-aspect-ratio\"><div class=\"wp-block-embed__wrapper\">\n<iframe title=\"Was ist ein Sch\u00fctzenverein eigentlich?\" width=\"525\" height=\"295\" src=\"https:\/\/www.youtube.com\/embed\/Yw49p9jXuxk?feature=oembed\" frameborder=\"0\" allow=\"accelerometer; autoplay; clipboard-write; encrypted-media; gyroscope; picture-in-picture; web-share\" referrerpolicy=\"strict-origin-when-cross-origin\" allowfullscreen><\/iframe>\n<\/div><\/figure>\n\n\n\n<figure class=\"wp-block-embed-youtube wp-block-embed is-type-video is-provider-youtube wp-embed-aspect-16-9 wp-has-aspect-ratio\"><div class=\"wp-block-embed__wrapper\">\n<iframe title=\"Sport Kids &quot;Sportschie\u00dfen&quot;\" width=\"525\" height=\"295\" src=\"https:\/\/www.youtube.com\/embed\/EUTeNimiFu4?feature=oembed\" frameborder=\"0\" allow=\"accelerometer; autoplay; clipboard-write; encrypted-media; gyroscope; picture-in-picture; web-share\" referrerpolicy=\"strict-origin-when-cross-origin\" allowfullscreen><\/iframe>\n<\/div><\/figure>\n\n\n\n<figure class=\"wp-block-embed-youtube wp-block-embed is-type-video is-provider-youtube wp-embed-aspect-16-9 wp-has-aspect-ratio\"><div class=\"wp-block-embed__wrapper\">\n<iframe title=\"Am Schie\u00dfstand in Kempten mit dem Deutschen Meister im Luftgewehrschie\u00dfen Simon W\u00f6lfl (28)\" width=\"525\" height=\"295\" src=\"https:\/\/www.youtube.com\/embed\/4xUuRAsZ3QY?feature=oembed\" frameborder=\"0\" allow=\"accelerometer; autoplay; clipboard-write; encrypted-media; gyroscope; picture-in-picture; web-share\" referrerpolicy=\"strict-origin-when-cross-origin\" allowfullscreen><\/iframe>\n<\/div><\/figure>\n\n\n\n<figure class=\"wp-block-embed-youtube wp-block-embed is-type-video is-provider-youtube wp-embed-aspect-4-3 wp-has-aspect-ratio\"><div class=\"wp-block-embed__wrapper\">\n<iframe title=\"Luftgewehr Superfinale - Mann vs. Frau\" width=\"525\" height=\"295\" src=\"https:\/\/www.youtube.com\/embed\/IchRNw0pP2I?feature=oembed\" frameborder=\"0\" allow=\"accelerometer; autoplay; clipboard-write; encrypted-media; gyroscope; picture-in-picture; web-share\" referrerpolicy=\"strict-origin-when-cross-origin\" allowfullscreen><\/iframe>\n<\/div><\/figure>\n\n\n\n<h2 class=\"wp-block-heading\">Schie\u00dfen ist Sicher:<\/h2>\n\n\n\n<p>Bei vorschriftsm\u00e4\u00dfiger Handhabung ist eigentlich nur noch eine Sportart mit mehr Verletzungsrisiko in den Statistiken vor dem Schie\u00dfen: Schach!<\/p>\n\n\n\n<p>Im Schie\u00dfsport gelten sehr strenge Sicherheitsvorschriften \/-ma\u00dfnahmen die bei Nichteinhaltung sofort entsprechende Konsequenzen nach sich ziehen.<\/p>\n\n\n\n<h2 class=\"wp-block-heading\">Wie weit kann man kommen?<\/h2>\n\n\n\n<p>Je nach Talent, Alter und Leistungswille- k\u00f6nnte man es theoretisch bis in die Nationalmannschaft schaffen. Die Wege hierf\u00fcr kennen wir und sind bereit diese mit Euch zu gehen. Aber auch als einfache Abwechslung zum Alltag, ohne Druck und Wettk\u00e4mpfe ist das Schie\u00dfen bei uns m\u00f6glich.<\/p>\n\n\n\n<h2 class=\"wp-block-heading\">Wer sind wir?<\/h2>\n\n\n\n<p>Der Sch\u00fctzenverein Hailfingen wurde 1926 gegr\u00fcndet. Derzeit bestehen wir aus ca. 100 Mitgliedern. Davon sind 30 aktive und 70 passive Mitglieder.<\/p>\n\n\n\n<p>Unser Verein ist dem W\u00fcrttembergischen Sch\u00fctzenverband 1850 e.V. angeschlossen.<\/p>\n\n\n\n<p>Im unserem Verein werden die Disziplinen Luftgewehr, Luftpistole, Kleinkaliber Gewehr, freie Pistole und Bogen geschossen.<\/p>\n\n\n\n<p>Wir nehmen an Ligawettk\u00e4mpfen sowie Meisterschaften im Kreis, Bezirk, Land und den Deutschen Meisterschaften teil.<\/p>\n\n\n\n<h2 class=\"wp-block-heading\">Was bieten wir an?<\/h2>\n\n\n\n<p>In unserem Verein kann Luftgewehr(LG), Luftpistole(LP), Kleinkaliberpistole (Freie Pistole), Kleinkalibergewehr &amp; Bogen geschossen werden wof\u00fcr wir auch die entsprechend zugelassenen St\u00e4nde haben.<\/p>\n\n\n\n<ul class=\"wp-block-list\"><li>6 x 50 m (KK)<\/li><li>7+4 x 10m (LG \/ LP)<\/li><li>Bogenbahn im Sommer bis 70 m<\/li><li>Mehrzweckhalle im Winter bis ca. 18m<\/li><\/ul>\n\n\n\n<h2 class=\"wp-block-heading\">Welche Aktivit\u00e4ten bieten wir noch an?<\/h2>\n\n\n\n<p>Ausfl\u00fcge, Sommerfest , Teilnahme am Sommerferienprogramm, Freundschaftsturniere und andere div. Turniere, Verteilung gelbe S\u00e4cke, \u201eFleckenputzede\u201c, Teilnahme an \u00f6rtlichen Veranstaltungen, Besuch der 1. und 2. Bundesliga des Schie\u00dfsports an Wettk\u00e4mpfen, usw.<\/p>\n\n\n\n<h2 class=\"wp-block-heading\">Unsere Trainer<\/h2>\n\n\n\n<p>Trainer 1: Inhaber der Jugendbasislizenz &amp; der C-Trainerlizenz (seit 2019)<\/p>\n\n\n\n<p>Trainerin 2: Inhaberin der Jugendbasislizenz , Kinder- und Jugendtrainer (Gewehr &amp; Pistole) &amp; Kinder- und Jugendtrainer(Bogen)<\/p>\n\n\n\n<p>Trainer 3: Kinder- und Jugendtrainer (Bogen)<\/p>\n\n\n\n<p>Unsere TrainerInnen befinden sich in permanenter Fortbildung um den Anspr\u00fcchen des WSV* &amp; DSB** gerecht zu werden und die aktuellsten \u00c4nderungen zu kennen und diese auch weiter zu geben.<\/p>\n\n\n\n<p>WSB* &#8211; W\u00fcrttembergischer Sch\u00fctzen Verband 1850 e.V.<\/p>\n\n\n\n<p>DSB** &#8211; Deutscher Sch\u00fctzen Bund E.V.<\/p>\n\n\n\n<h2 class=\"wp-block-heading\">Was ist unser Vorteil?<\/h2>\n\n\n\n<p>Au\u00dfer den st\u00e4ndigen Fortbildungen der TrainerInnen und Sch\u00fctzenInnen haben wir das seltene Gl\u00fcck mit Vereinen aus hohen Ligen kooperieren zu d\u00fcrfen\/k\u00f6nnen welche schon in der 1. &amp; 2.Bundesliga geschossen haben.<\/p>\n\n\n\n<p>Des Weiteren haben wir sogenannte SCATT-Systeme welche wir zur Zielweganalyse nutzen k\u00f6nnen.<\/p>\n\n\n\n<p>Es gibt auch Sch\u00fctzen aus Hailfingen die in der 2.Bundesliga geschossen haben. Auch dieses Wissen k\u00f6nnen wir f\u00fcr die Vereinsarbeit in Hailfingen nutzen.<\/p>\n\n\n\n<h2 class=\"wp-block-heading\">Unsere erfolgreichste Sch\u00fctzin:<\/h2>\n\n\n\n<ul class=\"wp-block-list\"><li>War ca. 6 Jahre lang im Landeskader des WSV<\/li><li>stand bei den W\u00fcrttembergischen Meisterschaften IMMER auf dem Treppchen<\/li><li>qualifizierte sich seit sie schie\u00dft jedes Jahr zu den Deutschen Meisterschaften in M\u00fcnchen (meistens in mind. 2-3 Disziplinen)<\/li><li>durfte neben internationalen Gr\u00f6\u00dfen in Ihrer Mannschaft (SV Affalterbach\/Apurvi Chandela) Wettk\u00e4mpfe bestreiten &amp; gewinnen<\/li><\/ul>\n\n\n\n<h2 class=\"wp-block-heading\">Was m\u00fcsst Ihr mitbringen?<\/h2>\n\n\n\n<p>LUST &amp; INTERESSE , sonst nichts!!<\/p>\n\n\n\n<p>Denn zu Beginn stellt der Verein die erforderliche Ausr\u00fcstung<\/p>\n\n\n\n<p>Schie\u00dfen kann man eigentlich immer lernen. Laut Gesetz ist das Schie\u00dfen f\u00fcr Jugendliche erst ab 12 Jahren, mit Erlaubnis der Erziehungsberechtigten, erlaubt. Unter bestimmten Voraussetzungen kann eine Sondergenehmigung beantragt werden.<\/p>\n\n\n\n<p>Sportschie\u00dfen ist ein Sport f\u00fcr JEDES ALTER!!<\/p>\n\n\n\n<h2 class=\"wp-block-heading\">Haben wir Dein Interesse geweckt??<\/h2>\n\n\n\n<p>Dann schaut euch doch mal bei uns um und genie\u00dft die freundschaftlich-\/famili\u00e4re Atmosph\u00e4re auf unserem gro\u00dfen Gel\u00e4nde welches auch f\u00fcr Feiern angemietet werden kann und auch weitestgehend Barrierefrei ist.<\/p>\n\n\n\n<p>Wir freuen uns \u00fcber jeden Interessenten*in egal welchen Alters!!!<\/p>\n\n\n\n<figure class=\"wp-block-image size-large is-resized\"><img decoding=\"async\" src=\"https:\/\/www.schuetzenverein-hailfingen.de\/wp-content\/uploads\/2021\/07\/qr-code.png\" alt=\"\" class=\"wp-image-355\" width=\"179\" height=\"179\" srcset=\"https:\/\/www.schuetzenverein-hailfingen.de\/wp-content\/uploads\/2021\/07\/qr-code.png 957w, https:\/\/www.schuetzenverein-hailfingen.de\/wp-content\/uploads\/2021\/07\/qr-code-150x150.png 150w, https:\/\/www.schuetzenverein-hailfingen.de\/wp-content\/uploads\/2021\/07\/qr-code-768x768.png 768w, https:\/\/www.schuetzenverein-hailfingen.de\/wp-content\/uploads\/2021\/07\/qr-code-100x100.png 100w\" sizes=\"(max-width: 179px) 100vw, 179px\" \/><\/figure>\n\n\n\n<p>Kontakt:<\/p>\n\n\n\n<p>Sportleitung: <a rel=\"noreferrer noopener\" href=\"mailto:sportleiter@schuetzenverein-hailfingen.de\" target=\"_blank\">sportleiter@schuetzenverein-hailfingen.de<\/a><\/p>\n\n\n\n<p>Jugendleitung: j<a rel=\"noreferrer noopener\" href=\"mailto:ugendtrainer@schuetzenverein-hailfingen.de\" target=\"_blank\">ugendtrainer@schuetzenverein-hailfingen.de<\/a><\/p>\n","protected":false},"excerpt":{"rendered":"<p>Dauerstress im Arbeitsalltag? Fehlende Konzentration oder Lernschwierigkeiten im Unterricht ihres Kindes? Einfach mal den Kopf nach der Arbeit\/Schule frei bekommen wollen? Wir helfen weiter! Denn Schie\u00dfsport ist ein Sport, der die Konzentration und Pr\u00e4zision f\u00f6rdert, dabei beruhigt und f\u00fcr den inneren Ausgleich sorgt. Zudem lernt man auf den eigenen K\u00f6rper zu h\u00f6ren. Am Beispiel Luftgewehr: &hellip; <\/p>\n<p class=\"link-more\"><a href=\"https:\/\/www.schuetzenverein-hailfingen.de\/?page_id=352\" class=\"more-link\"><span class=\"screen-reader-text\">\u201eWarum Sportschie\u00dfen ?\u201c <\/span>weiterlesen<\/a><\/p>\n","protected":false},"author":1,"featured_media":0,"parent":0,"menu_order":0,"comment_status":"closed","ping_status":"closed","template":"","meta":{"footnotes":""},"class_list":["post-352","page","type-page","status-publish","hentry"],"_links":{"self":[{"href":"https:\/\/www.schuetzenverein-hailfingen.de\/index.php?rest_route=\/wp\/v2\/pages\/352","targetHints":{"allow":["GET"]}}],"collection":[{"href":"https:\/\/www.schuetzenverein-hailfingen.de\/index.php?rest_route=\/wp\/v2\/pages"}],"about":[{"href":"https:\/\/www.schuetzenverein-hailfingen.de\/index.php?rest_route=\/wp\/v2\/types\/page"}],"author":[{"embeddable":true,"href":"https:\/\/www.schuetzenverein-hailfingen.de\/index.php?rest_route=\/wp\/v2\/users\/1"}],"replies":[{"embeddable":true,"href":"https:\/\/www.schuetzenverein-hailfingen.de\/index.php?rest_route=%2Fwp%2Fv2%2Fcomments&post=352"}],"version-history":[{"count":5,"href":"https:\/\/www.schuetzenverein-hailfingen.de\/index.php?rest_route=\/wp\/v2\/pages\/352\/revisions"}],"predecessor-version":[{"id":368,"href":"https:\/\/www.schuetzenverein-hailfingen.de\/index.php?rest_route=\/wp\/v2\/pages\/352\/revisions\/368"}],"wp:attachment":[{"href":"https:\/\/www.schuetzenverein-hailfingen.de\/index.php?rest_route=%2Fwp%2Fv2%2Fmedia&parent=352"}],"curies":[{"name":"wp","href":"https:\/\/api.w.org\/{rel}","templated":true}]}}