{"id":382,"date":"2021-11-13T16:21:51","date_gmt":"2021-11-13T15:21:51","guid":{"rendered":"http:\/\/www.schuetzenverein-hailfingen.de\/?page_id=382"},"modified":"2025-03-11T11:00:32","modified_gmt":"2025-03-11T10:00:32","slug":"dokumente-und-downloads","status":"publish","type":"page","link":"https:\/\/www.schuetzenverein-hailfingen.de\/?page_id=382","title":{"rendered":"Dokumente und Downloads"},"content":{"rendered":"<ul>\n<li>Infos und Mietvertrag f\u00fcr unser Sch\u00fctzenhaus<\/li>\n<\/ul>\n<p><a href=\"http:\/\/www.schuetzenverein-hailfingen.de\/wp-content\/uploads\/2025\/02\/Mietvertrag-Schuetzenverein-Hailfingen-V1.2.pdf\">Hier Klicken oder auf Mobilger\u00e4ten gedr\u00fcckt halten<\/a><\/p>\n<ul>\n<li>Aufnahmeantrag Sch\u00fctzenverein\u00a0 Hailfingen e.V.<\/li>\n<\/ul>\n<p><a href=\"http:\/\/www.schuetzenverein-hailfingen.de\/wp-content\/uploads\/2024\/06\/Aufnahmeantrag_Schuetzenverein_Hailfingen_e.V._2024.pdf\">Hier Klicken oder auf Mobilger\u00e4ten gedr\u00fcckt halten<\/a><\/p>\n\n\n<p><\/p>\n","protected":false},"excerpt":{"rendered":"<p>Infos und Mietvertrag f\u00fcr unser Sch\u00fctzenhaus Hier Klicken oder auf Mobilger\u00e4ten gedr\u00fcckt halten Aufnahmeantrag Sch\u00fctzenverein\u00a0 Hailfingen e.V. Hier Klicken oder auf Mobilger\u00e4ten gedr\u00fcckt halten<\/p>\n","protected":false},"author":8,"featured_media":0,"parent":2,"menu_order":0,"comment_status":"closed","ping_status":"closed","template":"","meta":{"footnotes":""},"class_list":["post-382","page","type-page","status-publish","hentry"],"_links":{"self":[{"href":"https:\/\/www.schuetzenverein-hailfingen.de\/index.php?rest_route=\/wp\/v2\/pages\/382","targetHints":{"allow":["GET"]}}],"collection":[{"href":"https:\/\/www.schuetzenverein-hailfingen.de\/index.php?rest_route=\/wp\/v2\/pages"}],"about":[{"href":"https:\/\/www.schuetzenverein-hailfingen.de\/index.php?rest_route=\/wp\/v2\/types\/page"}],"author":[{"embeddable":true,"href":"https:\/\/www.schuetzenverein-hailfingen.de\/index.php?rest_route=\/wp\/v2\/users\/8"}],"replies":[{"embeddable":true,"href":"https:\/\/www.schuetzenverein-hailfingen.de\/index.php?rest_route=%2Fwp%2Fv2%2Fcomments&post=382"}],"version-history":[{"count":77,"href":"https:\/\/www.schuetzenverein-hailfingen.de\/index.php?rest_route=\/wp\/v2\/pages\/382\/revisions"}],"predecessor-version":[{"id":683,"href":"https:\/\/www.schuetzenverein-hailfingen.de\/index.php?rest_route=\/wp\/v2\/pages\/382\/revisions\/683"}],"up":[{"embeddable":true,"href":"https:\/\/www.schuetzenverein-hailfingen.de\/index.php?rest_route=\/wp\/v2\/pages\/2"}],"wp:attachment":[{"href":"https:\/\/www.schuetzenverein-hailfingen.de\/index.php?rest_route=%2Fwp%2Fv2%2Fmedia&parent=382"}],"curies":[{"name":"wp","href":"https:\/\/api.w.org\/{rel}","templated":true}]}}