{"id":463,"date":"2023-07-27T09:53:34","date_gmt":"2023-07-27T08:53:34","guid":{"rendered":"https:\/\/www.schuetzenverein-hailfingen.de\/?page_id=463"},"modified":"2026-04-23T07:26:21","modified_gmt":"2026-04-23T06:26:21","slug":"dorfpokalschiessen-2025","status":"publish","type":"page","link":"https:\/\/www.schuetzenverein-hailfingen.de\/?page_id=463","title":{"rendered":"Dorfpokalschie\u00dfen 2026"},"content":{"rendered":"\n<p><strong>Einladung zum Dorfpokalschie\u00dfen am 17.05.2026<\/strong><\/p>\n\n\n\n<p>Liebe Vereinsvorst\u00e4nde, liebe Hailfinger Mitb\u00fcrger\/Innen und Firmen,<\/p>\n\n\n\n<p>der Sch\u00fctzenverein Hailfingen l\u00e4dt am <strong>Sonntag, den 17.05.2026<\/strong> wieder zu seinem traditionellen Dorfpokalschie\u00dfen ein. Diesmal wird das Dorfpokalschie\u00dfen im Rahmen des 100-j\u00e4hrigen Jubil\u00e4ums des Sch\u00fctzenvereins stattfinden.<\/p>\n\n\n\n<p class=\"has-vivid-red-color has-text-color\"><strong>Geschossen <\/strong>werden kann nach dem Gottesdienst ab ca. <strong>11:15 Uhr<\/strong>!<\/p>\n\n\n\n<p><strong>Zum Schie\u00dfwettbewerb folgende Informationen:<\/strong><\/p>\n\n\n\n<ul class=\"wp-block-list\">\n<li>Jede teilnehmende Gruppierung kann beliebig viele Damen-, Herren- oder gemischte Mannschaften melden.<\/li>\n\n\n\n<li>Jede Mannschaft besteht aus 5 Sch\u00fctzen, von denen die 4 Besten gewertet werden.<\/li>\n\n\n\n<li>Jeder Sch\u00fctze darf nur bei einer Mannschaft antreten.<\/li>\n\n\n\n<li><strong><u>ACHTUNG:<\/u><\/strong> Aktive Sch\u00fctzen d\u00fcrfen am Dorfpokalschie\u00dfen <strong><u>nicht<\/u><\/strong> teilnehmen. Als aktive Sch\u00fctzen\/Innen gelten diejenigen, die im vergangenen Jahr an Rundenwettk\u00e4mpfen oder Meisterschaftswettbewerben in irgendeiner Waffenart teilgenommen haben.<\/li>\n\n\n\n<li>Geschossen wird mit dem KK-Gewehr liegend auf 50 m.<\/li>\n\n\n\n<li>Zur Erleichterung des Anschlages darf das Gewehr auf den am Schie\u00dfstand bereitgestellten Auflagen abgest\u00fctzt werden.<\/li>\n\n\n\n<li>Es werden 13 Schuss abgegeben, davon werden die 10 Besten gewertet.<\/li>\n\n\n\n<li>Eine Umstellung der gemeldeten Mannschaft ist nach dem Start des ersten Sch\u00fctzen nicht mehr m\u00f6glich.<\/li>\n\n\n\n<li>Das Mindestalter f\u00fcr die Teilnahme am Dorfpokalschie\u00dfen betr\u00e4gt 14 Jahre.<\/li>\n\n\n\n<li>Um Chancengleichheit f\u00fcr alle zu wahren, darf beim Dorfpokalschie\u00dfen nur mit den zur Verf\u00fcgung gestellten Waffen und der ausgegebenen Munition geschossen werden. Es sind keine Hilfsmittel wie Schie\u00dfjacke, Schie\u00dfschuhe oder Schie\u00dfhandschuh zugelassen.<\/li>\n\n\n\n<li>Das Startgeld pro Mannschaft betr\u00e4gt <strong>20 \u20ac<\/strong>.<\/li>\n\n\n\n<li>Die Schie\u00dfzeit ist am <strong>17.05.2026 von 11:15 Uhr bis 17:00 Uhr<\/strong>. Vorschie\u00dfen an einem anderen Termin ist leider nicht m\u00f6glich.<\/li>\n\n\n\n<li>Die Siegerehrung findet am <strong>17.05.2026 um 18:00 Uhr<\/strong> statt.<\/li>\n\n\n\n<li>Alle Sch\u00fctzen\/Innen des Dorfpokals nehmen \u00fcber ihre Startnummer automatisch an einer Verlosung teil. Der Gewinner wird bei der Siegerehrung unter den anwesenden Teilnehmern ausgelost.<\/li>\n\n\n\n<li>Zum <strong>Training<\/strong> steht unsere Schie\u00dfanlage am <strong>Freitag, den 24.04.2026 von 18:00 Uhr<br>bis 22:00 Uhr<\/strong>, sowie am <strong>Sonntag, 03.05.2026 von 10:00 Uhr bis 14:00 Uhr<\/strong>, gegen einen Unkostenbeitrag zur Verf\u00fcgung.<\/li>\n<\/ul>\n\n\n\n<p class=\"has-vivid-red-color has-text-color\">Anmeldungen zum Dorfpokalschie\u00dfen bitte bis <strong>sp\u00e4testens 03.05.2026<\/strong> an:<\/p>\n\n\n\n<p class=\"has-vivid-red-color has-text-color\"><strong>E-Mail: <a href=\"mailto:info@schuetzenverein-hailfingen.de\" data-type=\"mailto\" data-id=\"mailto:info@schuetzenverein-hailfingen.de\">info@schuetzenverein-hailfingen.de<\/a><\/strong><\/p>\n\n\n\n<p>Die <strong>letztj\u00e4hrigen Gewinner<\/strong> der Wanderpokale werden gebeten, diese bis <strong>sp\u00e4testens 03.05.2026<\/strong> im Sch\u00fctzenhaus abzugeben.<\/p>\n\n\n\n<p>Auch f\u00fcr <strong>Verpflegung<\/strong> ist nat\u00fcrlich gesorgt. Am <strong>Trainings-Freitag<\/strong> gibt es <strong>belegte Weckle<\/strong>, am <strong>Trainings-Sonntag warmen Leberk\u00e4se mit Kartoffelsalat oder LKW, sowie Kuchen<\/strong>. Zum Dorfpokalschie\u00dfen steht dann die <strong>gesamte Auswahl<\/strong> des <strong>Jubil\u00e4umfestes<\/strong> zur Verf\u00fcgung.<\/p>\n\n\n\n<p>\u00dcber eine zahlreiche Teilnahme bei unserem Dorfpokalschie\u00dfen w\u00fcrden wir uns sehr freuen.<\/p>\n\n\n\n<div data-wp-interactive=\"core\/file\" id=\"wp-block-file--media-f7a3882a-d14a-4b5f-b482-912e3742c292\" class=\"wp-block-file\"><object data-wp-bind--hidden=\"!state.hasPdfPreview\" hidden class=\"wp-block-file__embed\" data=\"http:\/\/www.schuetzenverein-hailfingen.de\/wp-content\/uploads\/2026\/03\/Anmeldungsformular-2026.pdf\" type=\"application\/pdf\" style=\"width:100%;height:600px\" aria-label=\"Einbettung von Anmeldungsformular 2026.\"><\/object><a id=\"wp-block-file--media-9f16fd9c-9fc1-4a78-81fc-d450e69559e0\" href=\"http:\/\/www.schuetzenverein-hailfingen.de\/wp-content\/uploads\/2026\/03\/Anmeldungsformular-2026.pdf\">Anmeldungsformular 2026<\/a><a href=\"http:\/\/www.schuetzenverein-hailfingen.de\/wp-content\/uploads\/2026\/03\/Anmeldungsformular-2026.pdf\" class=\"wp-block-file__button wp-element-button\" download aria-describedby=\"wp-block-file--media-9f16fd9c-9fc1-4a78-81fc-d450e69559e0\">Herunterladen&nbsp;&nbsp;<\/a><\/div>\n\n\n\n<div class=\"wp-block-file alignleft\" id=\"wp-block-file--media-d8827aef-538f-4f82-a1cd-45a8b25384a6\"><a id=\"wp-block-file--media-e637f63d-88d9-4324-8e01-6be082e9a131\" href=\"http:\/\/www.schuetzenverein-hailfingen.de\/wp-content\/uploads\/2026\/03\/Anmeldungsformular-2026.doc\">Anmeldungsformular 2026<\/a><a href=\"http:\/\/www.schuetzenverein-hailfingen.de\/wp-content\/uploads\/2026\/03\/Anmeldungsformular-2026.doc\" class=\"wp-block-file__button wp-element-button\" download aria-describedby=\"wp-block-file--media-e637f63d-88d9-4324-8e01-6be082e9a131\">Herunterladen<\/a><\/div>\n\n\n\n<p><\/p>\n","protected":false},"excerpt":{"rendered":"<p>Einladung zum Dorfpokalschie\u00dfen am 17.05.2026 Liebe Vereinsvorst\u00e4nde, liebe Hailfinger Mitb\u00fcrger\/Innen und Firmen, der Sch\u00fctzenverein Hailfingen l\u00e4dt am Sonntag, den 17.05.2026 wieder zu seinem traditionellen Dorfpokalschie\u00dfen ein. Diesmal wird das Dorfpokalschie\u00dfen im Rahmen des 100-j\u00e4hrigen Jubil\u00e4ums des Sch\u00fctzenvereins stattfinden. Geschossen werden kann nach dem Gottesdienst ab ca. 11:15 Uhr! Zum Schie\u00dfwettbewerb folgende Informationen: Anmeldungen zum Dorfpokalschie\u00dfen &hellip; <\/p>\n<p class=\"link-more\"><a href=\"https:\/\/www.schuetzenverein-hailfingen.de\/?page_id=463\" class=\"more-link\"><span class=\"screen-reader-text\">\u201eDorfpokalschie\u00dfen 2026\u201c <\/span>weiterlesen<\/a><\/p>\n","protected":false},"author":5,"featured_media":0,"parent":269,"menu_order":1,"comment_status":"closed","ping_status":"closed","template":"","meta":{"footnotes":""},"class_list":["post-463","page","type-page","status-publish","hentry"],"_links":{"self":[{"href":"https:\/\/www.schuetzenverein-hailfingen.de\/index.php?rest_route=\/wp\/v2\/pages\/463","targetHints":{"allow":["GET"]}}],"collection":[{"href":"https:\/\/www.schuetzenverein-hailfingen.de\/index.php?rest_route=\/wp\/v2\/pages"}],"about":[{"href":"https:\/\/www.schuetzenverein-hailfingen.de\/index.php?rest_route=\/wp\/v2\/types\/page"}],"author":[{"embeddable":true,"href":"https:\/\/www.schuetzenverein-hailfingen.de\/index.php?rest_route=\/wp\/v2\/users\/5"}],"replies":[{"embeddable":true,"href":"https:\/\/www.schuetzenverein-hailfingen.de\/index.php?rest_route=%2Fwp%2Fv2%2Fcomments&post=463"}],"version-history":[{"count":35,"href":"https:\/\/www.schuetzenverein-hailfingen.de\/index.php?rest_route=\/wp\/v2\/pages\/463\/revisions"}],"predecessor-version":[{"id":848,"href":"https:\/\/www.schuetzenverein-hailfingen.de\/index.php?rest_route=\/wp\/v2\/pages\/463\/revisions\/848"}],"up":[{"embeddable":true,"href":"https:\/\/www.schuetzenverein-hailfingen.de\/index.php?rest_route=\/wp\/v2\/pages\/269"}],"wp:attachment":[{"href":"https:\/\/www.schuetzenverein-hailfingen.de\/index.php?rest_route=%2Fwp%2Fv2%2Fmedia&parent=463"}],"curies":[{"name":"wp","href":"https:\/\/api.w.org\/{rel}","templated":true}]}}