{"id":532,"date":"2023-09-25T05:57:12","date_gmt":"2023-09-25T04:57:12","guid":{"rendered":"https:\/\/www.schuetzenverein-hailfingen.de\/?page_id=532"},"modified":"2024-07-11T10:45:20","modified_gmt":"2024-07-11T09:45:20","slug":"bericht-ueber-das-dorfpokalschiessen-des-schuetzenverein-hailfingen-e-v-vom-24-09-2023","status":"publish","type":"page","link":"https:\/\/www.schuetzenverein-hailfingen.de\/?page_id=532","title":{"rendered":"Bericht Dorfpokalschie\u00dfen 2023"},"content":{"rendered":"\n<p>Bei sonnigem Wetter und 18 Grad, nahmen 83 Starter aus 17 Mannschaften in diesem Jahr wieder am sehr beliebten Dorfpokalschie\u00dfen des Sch\u00fctzenvereins Hailfingen e.V. teil.<\/p>\n\n\n\n<p>Die Vorsitzenden des Sch\u00fctzenvereins, Niklas Gall und Joachim Baur bedanken sich bei den Hailfinger Vereinen und Gruppierungen f\u00fcrs Mitmachen und bei den zahlreichen Helfern und Kuchenspendern f\u00fcr den reibungslosen Ablauf.<\/p>\n\n\n\n<p>Von <strong>11 Herrenmannschaften<\/strong> gelang der Mannschaft Musikverein Herren 1 mit 375 Ringen, den 1.Platz. Somit konnten Sie den Wanderpokal in Besitz nehmen.<\/p>\n\n\n\n<p>2.Platz Feuerwehr 1 mit 346 Ringen<\/p>\n\n\n\n<p>3.Platz Dorfladen 2 mit 346 Ringen<\/p>\n\n\n\n<p>4.Platz Full House mit 346 Ringen<\/p>\n\n\n\n<p>5.Platz Querschl\u00e4ger mit 345 Ringen<\/p>\n\n\n\n<p>6.Platz Revolverhelden mit 344 Ringen<\/p>\n\n\n\n<p>7.Platz Blei-Buddies mit 337 Ringen<\/p>\n\n\n\n<p>8.Platz Feuerwehr 2 mit 335 Ringen<\/p>\n\n\n\n<p>9.Platz FiveYogis mit 333 Ringen<\/p>\n\n\n\n<p>10.Platz Musikverein Herren 2 mit 333 Ringen<\/p>\n\n\n\n<p>11.Platz Narrenzunft mit 332 Ringen<\/p>\n\n\n\n<p>In der <strong>Einzelwertung <\/strong>erreichte Bernd Gro\u00dfberger (Musikverein Herren 1) mit 96 von 100 m\u00f6glichen Ringen den ersten Platz. Gefolgt von Joachim Baur (Musikverein Herren 1) 94 Ringen und auf Platz 3 Christian Bahner (\u00d6schelbronnerstra\u00dfe) mit 93 Ringen.<\/p>\n\n\n\n<p>Bei den <strong>Damen<\/strong> gingen <strong>6 Mannschaften<\/strong> an den Start. Auch sie erzielten beachtliche Ergebnisse. Den 1. Platz und damit den Wanderpokal gewannen die Shotting Stars mit 343 Ringen.<\/p>\n\n\n\n<p>2.Platz Musikverein Damen 1 mit 326 Ringen<\/p>\n\n\n\n<p>3.Platz F\u00f6rderverein Schule 324 Ringen<\/p>\n\n\n\n<p>4.Platz B\u00fccherei-Team mit 324 Ringen<\/p>\n\n\n\n<p>5.Platz Dorfladen 311 Ringen<\/p>\n\n\n\n<p>6.Platz \u00d6schelbronnerstra\u00dfe 308 Ringen<\/p>\n\n\n\n<p>In der <strong>Einzelwertung<\/strong> kam Dorothea Fillisch mit 94 Ringen (Shooting Stars) auf den ersten Platz. Isabella Ziegler (Musikverein Damen 1) auf Platz 2 mit 91 Ringen. Dritte wurde Lydia Prause (Full House) mit 89 Ringen.<\/p>\n\n\n\n<p>Wie im vergangenen Jahr, wurde dieses Mal bei der Siegerehrung wieder unter allen anwesenden, teilnehmenden Sch\u00fctzen ein Gutschein verlost. Diesen Gutschein gewann Jessica Langer, die f\u00fcr die Mannschaft Full House antrat.<\/p>\n\n\n\n<figure class=\"wp-block-image size-full is-resized\"><img fetchpriority=\"high\" decoding=\"async\" src=\"https:\/\/www.schuetzenverein-hailfingen.de\/wp-content\/uploads\/2023\/09\/Screenshot_20230925-062549_WhatsApp-2.jpg\" alt=\"\" class=\"wp-image-533\" width=\"533\" height=\"375\" srcset=\"https:\/\/www.schuetzenverein-hailfingen.de\/wp-content\/uploads\/2023\/09\/Screenshot_20230925-062549_WhatsApp-2.jpg 1425w, https:\/\/www.schuetzenverein-hailfingen.de\/wp-content\/uploads\/2023\/09\/Screenshot_20230925-062549_WhatsApp-2-1024x723.jpg 1024w, https:\/\/www.schuetzenverein-hailfingen.de\/wp-content\/uploads\/2023\/09\/Screenshot_20230925-062549_WhatsApp-2-768x542.jpg 768w\" sizes=\"(max-width: 533px) 100vw, 533px\" \/><figcaption class=\"wp-element-caption\">Siegerfoto<\/figcaption><\/figure>\n","protected":false},"excerpt":{"rendered":"<p>Bei sonnigem Wetter und 18 Grad, nahmen 83 Starter aus 17 Mannschaften in diesem Jahr wieder am sehr beliebten Dorfpokalschie\u00dfen des Sch\u00fctzenvereins Hailfingen e.V. teil. Die Vorsitzenden des Sch\u00fctzenvereins, Niklas Gall und Joachim Baur bedanken sich bei den Hailfinger Vereinen und Gruppierungen f\u00fcrs Mitmachen und bei den zahlreichen Helfern und Kuchenspendern f\u00fcr den reibungslosen Ablauf. &hellip; <\/p>\n<p class=\"link-more\"><a href=\"https:\/\/www.schuetzenverein-hailfingen.de\/?page_id=532\" class=\"more-link\"><span class=\"screen-reader-text\">\u201eBericht Dorfpokalschie\u00dfen 2023\u201c <\/span>weiterlesen<\/a><\/p>\n","protected":false},"author":5,"featured_media":0,"parent":269,"menu_order":3,"comment_status":"closed","ping_status":"closed","template":"","meta":{"footnotes":""},"class_list":["post-532","page","type-page","status-publish","hentry"],"_links":{"self":[{"href":"https:\/\/www.schuetzenverein-hailfingen.de\/index.php?rest_route=\/wp\/v2\/pages\/532","targetHints":{"allow":["GET"]}}],"collection":[{"href":"https:\/\/www.schuetzenverein-hailfingen.de\/index.php?rest_route=\/wp\/v2\/pages"}],"about":[{"href":"https:\/\/www.schuetzenverein-hailfingen.de\/index.php?rest_route=\/wp\/v2\/types\/page"}],"author":[{"embeddable":true,"href":"https:\/\/www.schuetzenverein-hailfingen.de\/index.php?rest_route=\/wp\/v2\/users\/5"}],"replies":[{"embeddable":true,"href":"https:\/\/www.schuetzenverein-hailfingen.de\/index.php?rest_route=%2Fwp%2Fv2%2Fcomments&post=532"}],"version-history":[{"count":2,"href":"https:\/\/www.schuetzenverein-hailfingen.de\/index.php?rest_route=\/wp\/v2\/pages\/532\/revisions"}],"predecessor-version":[{"id":535,"href":"https:\/\/www.schuetzenverein-hailfingen.de\/index.php?rest_route=\/wp\/v2\/pages\/532\/revisions\/535"}],"up":[{"embeddable":true,"href":"https:\/\/www.schuetzenverein-hailfingen.de\/index.php?rest_route=\/wp\/v2\/pages\/269"}],"wp:attachment":[{"href":"https:\/\/www.schuetzenverein-hailfingen.de\/index.php?rest_route=%2Fwp%2Fv2%2Fmedia&parent=532"}],"curies":[{"name":"wp","href":"https:\/\/api.w.org\/{rel}","templated":true}]}}