{"id":657,"date":"2024-07-11T10:42:39","date_gmt":"2024-07-11T09:42:39","guid":{"rendered":"https:\/\/www.schuetzenverein-hailfingen.de\/?page_id=657"},"modified":"2025-03-15T14:05:53","modified_gmt":"2025-03-15T13:05:53","slug":"schiessbudenbetreib-an-der-hocketse-2024","status":"publish","type":"page","link":"https:\/\/www.schuetzenverein-hailfingen.de\/?page_id=657","title":{"rendered":"Schie\u00dfbudenbetrieb an der Hocketse 2024"},"content":{"rendered":"\n<p><strong>Bericht &#8211; Schie\u00dfbude an der Hocketse des Musikvereins<\/strong><\/p>\n\n\n\n<p>Wir freuen uns, dass die Schie\u00dfbude auch dieses Jahr wieder super bei Euch angekommen ist. Die Schie\u00dfbude war bei gutem wie auch bei schlechtem Wetter durchg\u00e4ngig von Besuchern belegt. Wir bedanken uns bei allen Helfern, Unterst\u00fctzer und Besuchern, die diese Veranstaltung auch in diesem Jahr zu einem Erfolg gemacht haben.<\/p>\n\n\n\n<p><strong>Schie\u00dfbude an der diesj\u00e4hrigen Hocketse des Musikvereins <\/strong><\/p>\n\n\n\n<p>Die Schie\u00dfzeiten sind Samstag, 27.7. von 16:00-22:00&nbsp; Uhr, sowie am Sonntag, 28.07. von 11:00-17:00Uhr.<\/p>\n\n\n\n<figure class=\"wp-block-gallery has-nested-images columns-default is-cropped wp-block-gallery-1 is-layout-flex wp-block-gallery-is-layout-flex\">\n<figure class=\"wp-block-image size-large\"><img fetchpriority=\"high\" decoding=\"async\" width=\"895\" height=\"526\" data-id=\"516\" src=\"https:\/\/www.schuetzenverein-hailfingen.de\/wp-content\/uploads\/2023\/07\/Schiessbude_51.png\" alt=\"\" class=\"wp-image-516\" srcset=\"https:\/\/www.schuetzenverein-hailfingen.de\/wp-content\/uploads\/2023\/07\/Schiessbude_51.png 895w, https:\/\/www.schuetzenverein-hailfingen.de\/wp-content\/uploads\/2023\/07\/Schiessbude_51-768x451.png 768w\" sizes=\"(max-width: 767px) 89vw, (max-width: 1000px) 54vw, (max-width: 1071px) 543px, 580px\" \/><\/figure>\n<\/figure>\n\n\n\n<h2 class=\"wp-block-heading\"><strong>Neue Preise<\/strong>&nbsp;<em>(g\u00fcltig nur am Samstagabend ab 20 Uhr)<\/em><\/h2>\n\n\n\n<p>Wir haben neue Preise in der Schie\u00dfbude. Am Samstagabend ab 20 Uhr k\u00f6nnt Ihr bei uns in der Schie\u00dfbude<\/p>\n\n\n\n<ul class=\"wp-block-list\">\n<li>1 Glas Sekt f\u00fcr 10 Treffer&nbsp;<strong>oder<\/strong><\/li>\n\n\n\n<li>1 Schn\u00e4psle f\u00fcr 6 Treffer<\/li>\n<\/ul>\n\n\n\n<p>erzielen, und an der Bar des Musikvereins einl\u00f6sen.<\/p>\n\n\n\n<p><em>G\u00fcltigkeit nur am Samstagabend ab 20 Uhr, ab 16 Jahre bzw. 18 Jahre<\/em><\/p>\n","protected":false},"excerpt":{"rendered":"<p>Bericht &#8211; Schie\u00dfbude an der Hocketse des Musikvereins Wir freuen uns, dass die Schie\u00dfbude auch dieses Jahr wieder super bei Euch angekommen ist. Die Schie\u00dfbude war bei gutem wie auch bei schlechtem Wetter durchg\u00e4ngig von Besuchern belegt. Wir bedanken uns bei allen Helfern, Unterst\u00fctzer und Besuchern, die diese Veranstaltung auch in diesem Jahr zu einem &hellip; <\/p>\n<p class=\"link-more\"><a href=\"https:\/\/www.schuetzenverein-hailfingen.de\/?page_id=657\" class=\"more-link\"><span class=\"screen-reader-text\">\u201eSchie\u00dfbudenbetrieb an der Hocketse 2024\u201c <\/span>weiterlesen<\/a><\/p>\n","protected":false},"author":5,"featured_media":0,"parent":269,"menu_order":1,"comment_status":"closed","ping_status":"closed","template":"","meta":{"footnotes":""},"class_list":["post-657","page","type-page","status-publish","hentry"],"_links":{"self":[{"href":"https:\/\/www.schuetzenverein-hailfingen.de\/index.php?rest_route=\/wp\/v2\/pages\/657","targetHints":{"allow":["GET"]}}],"collection":[{"href":"https:\/\/www.schuetzenverein-hailfingen.de\/index.php?rest_route=\/wp\/v2\/pages"}],"about":[{"href":"https:\/\/www.schuetzenverein-hailfingen.de\/index.php?rest_route=\/wp\/v2\/types\/page"}],"author":[{"embeddable":true,"href":"https:\/\/www.schuetzenverein-hailfingen.de\/index.php?rest_route=\/wp\/v2\/users\/5"}],"replies":[{"embeddable":true,"href":"https:\/\/www.schuetzenverein-hailfingen.de\/index.php?rest_route=%2Fwp%2Fv2%2Fcomments&post=657"}],"version-history":[{"count":6,"href":"https:\/\/www.schuetzenverein-hailfingen.de\/index.php?rest_route=\/wp\/v2\/pages\/657\/revisions"}],"predecessor-version":[{"id":704,"href":"https:\/\/www.schuetzenverein-hailfingen.de\/index.php?rest_route=\/wp\/v2\/pages\/657\/revisions\/704"}],"up":[{"embeddable":true,"href":"https:\/\/www.schuetzenverein-hailfingen.de\/index.php?rest_route=\/wp\/v2\/pages\/269"}],"wp:attachment":[{"href":"https:\/\/www.schuetzenverein-hailfingen.de\/index.php?rest_route=%2Fwp%2Fv2%2Fmedia&parent=657"}],"curies":[{"name":"wp","href":"https:\/\/api.w.org\/{rel}","templated":true}]}}