{"id":724,"date":"2025-05-11T08:28:18","date_gmt":"2025-05-11T07:28:18","guid":{"rendered":"https:\/\/www.schuetzenverein-hailfingen.de\/?page_id=724"},"modified":"2025-05-11T08:30:14","modified_gmt":"2025-05-11T07:30:14","slug":"bericht-dorfpokalschiessen-2025","status":"publish","type":"page","link":"https:\/\/www.schuetzenverein-hailfingen.de\/?page_id=724","title":{"rendered":"Bericht Dorfpokalschie\u00dfen 2025"},"content":{"rendered":"\n<p><\/p>\n\n\n\n<p>Auch dieses Jahr haben wir als Sch\u00fctzenverein wieder herzlich zu unserem allj\u00e4hrlichen Dorfpokalschie\u00dfen eingeladen. Der Trainingsabend am Freitag, 02.05. war gut besucht und einige Teilnehmer*innen haben sich Tipps eingeholt und verschiedene Gewehre ausprobiert, um f\u00fcr den Sonntag bestens vorbereitet zu sein. Das Wetter passte perfekt, um zusammenzusitzen, sich auszutauschen und das Angebot vom Grill zu genie\u00dfen. Das Wetter sollte leider nicht anhalten, sodass wir am Sonntag, 04.05. leider nicht drau\u00dfen unter der Sonne zusammenkommen konnten, sondern ab 10 Uhr unsere G\u00e4ste in unserem Wirtschaftsraum begr\u00fc\u00dften. Nach der St\u00e4rkung durch ein Wei\u00dfwurstfr\u00fchst\u00fcck konnte es dann losgehen: die 67 Starter*innen aus 14 Mannschaften gaben alles und der Ehrgeiz sollte sich auch auszahlen. Es wurde bis in den Nachmittag geschossen und gegen 17:30 Uhr trudelten die allermeisten, die sich das Mittagessen und den Kuchen bei uns hatten entgehen lassen, wieder zur Siegerehrung ein und warteten gespannt auf die Ergebnisse und die Verlosung, die innerhalb des Teilnehmerkreises stattfand.&nbsp;&nbsp;<\/p>\n\n\n\n<p>Unser Vorstand Niklas Gall verk\u00fcndete dann jeweils die Treppchenplatzierungen mit folgenden Ergebnissen:&nbsp;<\/p>\n\n\n\n<p><strong>Damen Einzel:&nbsp;<\/strong><\/p>\n\n\n\n<p>1. Tanja Bahner, 91 Ringe&nbsp;<\/p>\n\n\n\n<p>2. Katja Dittebrandt, 88 Ringe<\/p>\n\n\n\n<p>3. Anke Breining 86 Ringe&nbsp;<\/p>\n\n\n\n<p>&nbsp;<strong>Herren Einzel:&nbsp;<\/strong><\/p>\n\n\n\n<p>1. Bernd Gro\u00dfberger, 92 Ringe&nbsp;<\/p>\n\n\n\n<p>2. Benjamin Flothmann, 90 Ringe&nbsp;&nbsp;<\/p>\n\n\n\n<p>3. Moritz Fritsch, 90 Ringe&nbsp;&nbsp;<\/p>\n\n\n\n<p>&nbsp;<strong>Damen Mannschaft:&nbsp;<\/strong><\/p>\n\n\n\n<p>1. Knallerfrauen, 346 Ringe&nbsp;<\/p>\n\n\n\n<p>2. Musikverein Damen I, 324 Ringe&nbsp;<\/p>\n\n\n\n<p>3. Narrenzunft Damen, 320 Ringe&nbsp;<\/p>\n\n\n\n<p>&nbsp;<strong>Herren Mannschaft:<\/strong>&nbsp;<\/p>\n\n\n\n<p>1. Musikverein Herren I, 347 Ringe&nbsp;<\/p>\n\n\n\n<p>2. Volltreffer Pils, 341 Ringe&nbsp;<\/p>\n\n\n\n<p>3. Dianas Sattelkracher, 333 Ringe&nbsp;<\/p>\n\n\n\n<p><strong>Gewinnerin der Verlosung: <\/strong>Maja Salman.&nbsp;<\/p>\n\n\n\n<p>Der Wanderpokal geht, wie jedes Jahr, an die jeweils erstplatzierten Mannschaften. Dieses Jahr darf sich der Musikverein also auch wieder \u00fcber einen Pokal freuen, allerdings geht er dieses Jahr an die Herren- und nicht, wie voriges Jahr, an die Damenmannschaft.&nbsp;&nbsp;<\/p>\n\n\n\n<p>\u00dcber den Pokal der Damen darf sich der Sch\u00fctzenverein dieses Jahr selbst freuen. Eine Gruppe nicht-aktiver Sch\u00fctzinnen hat sich zusammengetan und bestritt den Wettbewerb als \u201cKnallerfrauen\u201d.&nbsp;&nbsp;<\/p>\n\n\n\n<p>Herzlichen Gl\u00fcckwunsch an alle, die sich \u00fcber eine Platzierung freuen konnten und vielen Dank, dass ihr wieder so zahlreich erschienen seid \u2013 so kommt man doch gerne zusammen.&nbsp;<\/p>\n\n\n\n<p>Ein gro\u00dfer Dank geht nat\u00fcrlich auch an alle, die vor und hinter den Kulissen geholfen haben; ohne euch w\u00e4ren solche Veranstaltungen nicht m\u00f6glich.<\/p>\n\n\n\n<figure class=\"wp-block-image size-full\"><img fetchpriority=\"high\" decoding=\"async\" width=\"1323\" height=\"870\" src=\"http:\/\/www.schuetzenverein-hailfingen.de\/wp-content\/uploads\/2025\/05\/DPS2025.jpg\" alt=\"\" class=\"wp-image-721\" srcset=\"https:\/\/www.schuetzenverein-hailfingen.de\/wp-content\/uploads\/2025\/05\/DPS2025.jpg 1323w, https:\/\/www.schuetzenverein-hailfingen.de\/wp-content\/uploads\/2025\/05\/DPS2025-1024x673.jpg 1024w, https:\/\/www.schuetzenverein-hailfingen.de\/wp-content\/uploads\/2025\/05\/DPS2025-768x505.jpg 768w\" sizes=\"(max-width: 767px) 89vw, (max-width: 1000px) 54vw, (max-width: 1071px) 543px, 580px\" \/><\/figure>\n","protected":false},"excerpt":{"rendered":"<p>Auch dieses Jahr haben wir als Sch\u00fctzenverein wieder herzlich zu unserem allj\u00e4hrlichen Dorfpokalschie\u00dfen eingeladen. Der Trainingsabend am Freitag, 02.05. war gut besucht und einige Teilnehmer*innen haben sich Tipps eingeholt und verschiedene Gewehre ausprobiert, um f\u00fcr den Sonntag bestens vorbereitet zu sein. Das Wetter passte perfekt, um zusammenzusitzen, sich auszutauschen und das Angebot vom Grill zu &hellip; <\/p>\n<p class=\"link-more\"><a href=\"https:\/\/www.schuetzenverein-hailfingen.de\/?page_id=724\" class=\"more-link\"><span class=\"screen-reader-text\">\u201eBericht Dorfpokalschie\u00dfen 2025\u201c <\/span>weiterlesen<\/a><\/p>\n","protected":false},"author":5,"featured_media":0,"parent":269,"menu_order":0,"comment_status":"closed","ping_status":"closed","template":"","meta":{"footnotes":""},"class_list":["post-724","page","type-page","status-publish","hentry"],"_links":{"self":[{"href":"https:\/\/www.schuetzenverein-hailfingen.de\/index.php?rest_route=\/wp\/v2\/pages\/724","targetHints":{"allow":["GET"]}}],"collection":[{"href":"https:\/\/www.schuetzenverein-hailfingen.de\/index.php?rest_route=\/wp\/v2\/pages"}],"about":[{"href":"https:\/\/www.schuetzenverein-hailfingen.de\/index.php?rest_route=\/wp\/v2\/types\/page"}],"author":[{"embeddable":true,"href":"https:\/\/www.schuetzenverein-hailfingen.de\/index.php?rest_route=\/wp\/v2\/users\/5"}],"replies":[{"embeddable":true,"href":"https:\/\/www.schuetzenverein-hailfingen.de\/index.php?rest_route=%2Fwp%2Fv2%2Fcomments&post=724"}],"version-history":[{"count":2,"href":"https:\/\/www.schuetzenverein-hailfingen.de\/index.php?rest_route=\/wp\/v2\/pages\/724\/revisions"}],"predecessor-version":[{"id":726,"href":"https:\/\/www.schuetzenverein-hailfingen.de\/index.php?rest_route=\/wp\/v2\/pages\/724\/revisions\/726"}],"up":[{"embeddable":true,"href":"https:\/\/www.schuetzenverein-hailfingen.de\/index.php?rest_route=\/wp\/v2\/pages\/269"}],"wp:attachment":[{"href":"https:\/\/www.schuetzenverein-hailfingen.de\/index.php?rest_route=%2Fwp%2Fv2%2Fmedia&parent=724"}],"curies":[{"name":"wp","href":"https:\/\/api.w.org\/{rel}","templated":true}]}}