{"id":739,"date":"2025-09-12T16:13:01","date_gmt":"2025-09-12T15:13:01","guid":{"rendered":"https:\/\/www.schuetzenverein-hailfingen.de\/?page_id=739"},"modified":"2026-05-02T07:53:04","modified_gmt":"2026-05-02T06:53:04","slug":"helfer","status":"publish","type":"page","link":"https:\/\/www.schuetzenverein-hailfingen.de\/?page_id=739","title":{"rendered":"Wir suchen Dich &#8211; Helfereinteilung"},"content":{"rendered":"\n<p>Unser Verein wird 100 Jahre alt! Damit unser Sch\u00fctzenfest am Samstag 16.Mai und Sonntag 17.Mai gelingt, brauchen wir Unterst\u00fctzung aus der Gemeinde. Wir freuen uns daher \u00fcber jede helfende Hand.<\/p>\n\n\n\n<p>Aktuell sind noch folgende Schichten am <strong>Sonntag 17.Mai<\/strong> <\/p>\n\n\n\n<div class=\"wp-block-cover\"><span aria-hidden=\"true\" class=\"wp-block-cover__background has-background-dim\"><\/span><div class=\"wp-block-cover__inner-container is-layout-flow wp-block-cover-is-layout-flow\">\n<div class=\"wp-block-group is-vertical is-layout-flex wp-container-core-group-is-layout-8cf370e7 wp-block-group-is-layout-flex\">\n<p>Grillen (Steak, Rote, Currywurst) 2 Personen 16:30 Uhr &#8211; Ende<\/p>\n\n\n\n<p>Frittieren (Pommes \/ Westernk.) 1 Person 16:30 Uhr &#8211; Ende<\/p>\n\n\n\n<p>Flammkuchen 2 Personen 16:30 Uhr \u2013 Ende<\/p>\n\n\n\n<p>Abr\u00e4umen 2 Personen 16:30 Uhr \u2013 Ende<\/p>\n\n\n\n<p>Kuchen 1 Person 9:30 Uhr &#8211; 13:00 Uhr<\/p>\n<\/div>\n<\/div><\/div>\n\n\n\n<p><\/p>\n\n\n\n<p> und <strong>Samstag 16.Mai<\/strong> zu besetzen:<\/p>\n\n\n\n<div class=\"wp-block-cover\" style=\"min-height:122px;aspect-ratio:unset;\"><span aria-hidden=\"true\" class=\"wp-block-cover__background has-background-dim\"><\/span><div class=\"wp-block-cover__inner-container is-layout-flow wp-block-cover-is-layout-flow\">\n<div class=\"wp-block-group is-vertical is-layout-flex wp-container-core-group-is-layout-8cf370e7 wp-block-group-is-layout-flex\">\n<p>Abr\u00e4umen 2 Personen 18:30 Uhr \u2013 22:00 Uhr<\/p>\n<\/div>\n<\/div><\/div>\n\n\n\n<p><\/p>\n\n\n\n<p>Helfen macht Spa\u00df und gute Stimmung gibt\u2019s gratis dazu<\/p>\n\n\n\n<p><strong>Anmeldung per Mail an:<\/strong> <em>info@schuetzenverein-hailfingen.de<\/em><\/p>\n\n\n\n<p><\/p>\n","protected":false},"excerpt":{"rendered":"<p>Unser Verein wird 100 Jahre alt! Damit unser Sch\u00fctzenfest am Samstag 16.Mai und Sonntag 17.Mai gelingt, brauchen wir Unterst\u00fctzung aus der Gemeinde. Wir freuen uns daher \u00fcber jede helfende Hand. Aktuell sind noch folgende Schichten am Sonntag 17.Mai und Samstag 16.Mai zu besetzen: Helfen macht Spa\u00df und gute Stimmung gibt\u2019s gratis dazu Anmeldung per Mail &hellip; <\/p>\n<p class=\"link-more\"><a href=\"https:\/\/www.schuetzenverein-hailfingen.de\/?page_id=739\" class=\"more-link\"><span class=\"screen-reader-text\">\u201eWir suchen Dich &#8211; Helfereinteilung\u201c <\/span>weiterlesen<\/a><\/p>\n","protected":false},"author":8,"featured_media":0,"parent":731,"menu_order":2,"comment_status":"closed","ping_status":"closed","template":"","meta":{"footnotes":""},"class_list":["post-739","page","type-page","status-publish","hentry"],"_links":{"self":[{"href":"https:\/\/www.schuetzenverein-hailfingen.de\/index.php?rest_route=\/wp\/v2\/pages\/739","targetHints":{"allow":["GET"]}}],"collection":[{"href":"https:\/\/www.schuetzenverein-hailfingen.de\/index.php?rest_route=\/wp\/v2\/pages"}],"about":[{"href":"https:\/\/www.schuetzenverein-hailfingen.de\/index.php?rest_route=\/wp\/v2\/types\/page"}],"author":[{"embeddable":true,"href":"https:\/\/www.schuetzenverein-hailfingen.de\/index.php?rest_route=\/wp\/v2\/users\/8"}],"replies":[{"embeddable":true,"href":"https:\/\/www.schuetzenverein-hailfingen.de\/index.php?rest_route=%2Fwp%2Fv2%2Fcomments&post=739"}],"version-history":[{"count":12,"href":"https:\/\/www.schuetzenverein-hailfingen.de\/index.php?rest_route=\/wp\/v2\/pages\/739\/revisions"}],"predecessor-version":[{"id":851,"href":"https:\/\/www.schuetzenverein-hailfingen.de\/index.php?rest_route=\/wp\/v2\/pages\/739\/revisions\/851"}],"up":[{"embeddable":true,"href":"https:\/\/www.schuetzenverein-hailfingen.de\/index.php?rest_route=\/wp\/v2\/pages\/731"}],"wp:attachment":[{"href":"https:\/\/www.schuetzenverein-hailfingen.de\/index.php?rest_route=%2Fwp%2Fv2%2Fmedia&parent=739"}],"curies":[{"name":"wp","href":"https:\/\/api.w.org\/{rel}","templated":true}]}}