{"id":741,"date":"2025-09-12T16:13:16","date_gmt":"2025-09-12T15:13:16","guid":{"rendered":"https:\/\/www.schuetzenverein-hailfingen.de\/?page_id=741"},"modified":"2026-02-05T20:05:04","modified_gmt":"2026-02-05T19:05:04","slug":"sponsoren","status":"publish","type":"page","link":"https:\/\/www.schuetzenverein-hailfingen.de\/?page_id=741","title":{"rendered":"Sponsoren"},"content":{"rendered":"\n<p>Wir bedanken uns ganz herzlich bei unseren Sponsoren! Ohne diese gro\u00dfe Unterst\u00fctzung w\u00e4re dieses Jubil\u00e4um nicht m\u00f6glich &#8211; Vielen Dank!<\/p>\n\n\n\n<figure class=\"wp-block-image size-full\"><img fetchpriority=\"high\" decoding=\"async\" width=\"1493\" height=\"822\" src=\"http:\/\/www.schuetzenverein-hailfingen.de\/wp-content\/uploads\/2025\/12\/Sponsoren_Final1.png\" alt=\"\" class=\"wp-image-779\" srcset=\"https:\/\/www.schuetzenverein-hailfingen.de\/wp-content\/uploads\/2025\/12\/Sponsoren_Final1.png 1493w, https:\/\/www.schuetzenverein-hailfingen.de\/wp-content\/uploads\/2025\/12\/Sponsoren_Final1-1024x564.png 1024w, https:\/\/www.schuetzenverein-hailfingen.de\/wp-content\/uploads\/2025\/12\/Sponsoren_Final1-768x423.png 768w\" sizes=\"(max-width: 767px) 89vw, (max-width: 1000px) 54vw, (max-width: 1071px) 543px, 580px\" \/><\/figure>\n\n\n\n<figure class=\"wp-block-image size-full\"><img decoding=\"async\" width=\"1457\" height=\"793\" src=\"http:\/\/www.schuetzenverein-hailfingen.de\/wp-content\/uploads\/2025\/12\/Sponsoren_Final2.png\" alt=\"\" class=\"wp-image-778\" srcset=\"https:\/\/www.schuetzenverein-hailfingen.de\/wp-content\/uploads\/2025\/12\/Sponsoren_Final2.png 1457w, https:\/\/www.schuetzenverein-hailfingen.de\/wp-content\/uploads\/2025\/12\/Sponsoren_Final2-1024x557.png 1024w, https:\/\/www.schuetzenverein-hailfingen.de\/wp-content\/uploads\/2025\/12\/Sponsoren_Final2-768x418.png 768w\" sizes=\"(max-width: 767px) 89vw, (max-width: 1000px) 54vw, (max-width: 1071px) 543px, 580px\" \/><\/figure>\n","protected":false},"excerpt":{"rendered":"<p>Wir bedanken uns ganz herzlich bei unseren Sponsoren! Ohne diese gro\u00dfe Unterst\u00fctzung w\u00e4re dieses Jubil\u00e4um nicht m\u00f6glich &#8211; Vielen Dank!<\/p>\n","protected":false},"author":8,"featured_media":0,"parent":731,"menu_order":3,"comment_status":"closed","ping_status":"closed","template":"","meta":{"footnotes":""},"class_list":["post-741","page","type-page","status-publish","hentry"],"_links":{"self":[{"href":"https:\/\/www.schuetzenverein-hailfingen.de\/index.php?rest_route=\/wp\/v2\/pages\/741","targetHints":{"allow":["GET"]}}],"collection":[{"href":"https:\/\/www.schuetzenverein-hailfingen.de\/index.php?rest_route=\/wp\/v2\/pages"}],"about":[{"href":"https:\/\/www.schuetzenverein-hailfingen.de\/index.php?rest_route=\/wp\/v2\/types\/page"}],"author":[{"embeddable":true,"href":"https:\/\/www.schuetzenverein-hailfingen.de\/index.php?rest_route=\/wp\/v2\/users\/8"}],"replies":[{"embeddable":true,"href":"https:\/\/www.schuetzenverein-hailfingen.de\/index.php?rest_route=%2Fwp%2Fv2%2Fcomments&post=741"}],"version-history":[{"count":4,"href":"https:\/\/www.schuetzenverein-hailfingen.de\/index.php?rest_route=\/wp\/v2\/pages\/741\/revisions"}],"predecessor-version":[{"id":795,"href":"https:\/\/www.schuetzenverein-hailfingen.de\/index.php?rest_route=\/wp\/v2\/pages\/741\/revisions\/795"}],"up":[{"embeddable":true,"href":"https:\/\/www.schuetzenverein-hailfingen.de\/index.php?rest_route=\/wp\/v2\/pages\/731"}],"wp:attachment":[{"href":"https:\/\/www.schuetzenverein-hailfingen.de\/index.php?rest_route=%2Fwp%2Fv2%2Fmedia&parent=741"}],"curies":[{"name":"wp","href":"https:\/\/api.w.org\/{rel}","templated":true}]}}