{"id":750,"date":"2025-10-11T14:54:27","date_gmt":"2025-10-11T13:54:27","guid":{"rendered":"https:\/\/www.schuetzenverein-hailfingen.de\/?page_id=750"},"modified":"2025-10-11T14:55:23","modified_gmt":"2025-10-11T13:55:23","slug":"schiessbudenbetrieb-an-der-hocketse-2025","status":"publish","type":"page","link":"https:\/\/www.schuetzenverein-hailfingen.de\/?page_id=750","title":{"rendered":"Schie\u00dfbudenbetrieb an der Hocketse 2025"},"content":{"rendered":"\n<p>Es freut uns sehr, dass die Schie\u00dfbude jedes Jahr sogut angenommen wird und wir damit vielen gro\u00dfen und kleinen Besuchern der Hocketse des Musikvereins Hailfingen eine zus\u00e4tzliche Unterhaltung bieten k\u00f6nnen.<\/p>\n\n\n\n<p>Vielen Dank!<\/p>\n\n\n\n<figure class=\"wp-block-image size-full is-resized\"><img fetchpriority=\"high\" decoding=\"async\" width=\"456\" height=\"461\" src=\"https:\/\/www.schuetzenverein-hailfingen.de\/wp-content\/uploads\/2025\/10\/image.png\" alt=\"\" class=\"wp-image-751\" style=\"width:330px;height:auto\" srcset=\"https:\/\/www.schuetzenverein-hailfingen.de\/wp-content\/uploads\/2025\/10\/image.png 456w, https:\/\/www.schuetzenverein-hailfingen.de\/wp-content\/uploads\/2025\/10\/image-100x100.png 100w\" sizes=\"(max-width: 456px) 100vw, 456px\" \/><\/figure>\n\n\n\n<p><\/p>\n","protected":false},"excerpt":{"rendered":"<p>Es freut uns sehr, dass die Schie\u00dfbude jedes Jahr sogut angenommen wird und wir damit vielen gro\u00dfen und kleinen Besuchern der Hocketse des Musikvereins Hailfingen eine zus\u00e4tzliche Unterhaltung bieten k\u00f6nnen. Vielen Dank!<\/p>\n","protected":false},"author":5,"featured_media":0,"parent":269,"menu_order":0,"comment_status":"closed","ping_status":"closed","template":"","meta":{"footnotes":""},"class_list":["post-750","page","type-page","status-publish","hentry"],"_links":{"self":[{"href":"https:\/\/www.schuetzenverein-hailfingen.de\/index.php?rest_route=\/wp\/v2\/pages\/750","targetHints":{"allow":["GET"]}}],"collection":[{"href":"https:\/\/www.schuetzenverein-hailfingen.de\/index.php?rest_route=\/wp\/v2\/pages"}],"about":[{"href":"https:\/\/www.schuetzenverein-hailfingen.de\/index.php?rest_route=\/wp\/v2\/types\/page"}],"author":[{"embeddable":true,"href":"https:\/\/www.schuetzenverein-hailfingen.de\/index.php?rest_route=\/wp\/v2\/users\/5"}],"replies":[{"embeddable":true,"href":"https:\/\/www.schuetzenverein-hailfingen.de\/index.php?rest_route=%2Fwp%2Fv2%2Fcomments&post=750"}],"version-history":[{"count":1,"href":"https:\/\/www.schuetzenverein-hailfingen.de\/index.php?rest_route=\/wp\/v2\/pages\/750\/revisions"}],"predecessor-version":[{"id":752,"href":"https:\/\/www.schuetzenverein-hailfingen.de\/index.php?rest_route=\/wp\/v2\/pages\/750\/revisions\/752"}],"up":[{"embeddable":true,"href":"https:\/\/www.schuetzenverein-hailfingen.de\/index.php?rest_route=\/wp\/v2\/pages\/269"}],"wp:attachment":[{"href":"https:\/\/www.schuetzenverein-hailfingen.de\/index.php?rest_route=%2Fwp%2Fv2%2Fmedia&parent=750"}],"curies":[{"name":"wp","href":"https:\/\/api.w.org\/{rel}","templated":true}]}}