{"id":815,"date":"2026-04-09T20:47:50","date_gmt":"2026-04-09T19:47:50","guid":{"rendered":"https:\/\/www.schuetzenverein-hailfingen.de\/?page_id=815"},"modified":"2026-04-09T20:47:50","modified_gmt":"2026-04-09T19:47:50","slug":"anfahrt-parken","status":"publish","type":"page","link":"https:\/\/www.schuetzenverein-hailfingen.de\/?page_id=815","title":{"rendered":"Anfahrt &amp; Parken"},"content":{"rendered":"\n<p><strong>Adresse:<\/strong> Sch\u00fctzenhaus Hailfingen, Obere Torstra\u00dfe 100, 72108 Rottenburg-Hailfingen<\/p>\n\n\n\n<p><strong>Anreise mit dem Auto:<\/strong><br>Die Anfahrt erfolgt \u00fcber die Obere Torstra\u00dfe (Stra\u00dfe zwischen den Ortschaften Hailfingen und Seebronn)<\/p>\n\n\n\n<p><strong>Parkm\u00f6glichkeiten:<\/strong><br>F\u00fcr unsere G\u00e4ste ist ein ausgewiesener Parkplatz auf einer Wiese vorhanden. Bitte folge der Beschilderung und den Einweisungen vor Ort.<\/p>\n\n\n\n<p><strong>B\u00fcrgerbus Sonntag 17. Mai:<\/strong><br>Am Sonntag besteht zus\u00e4tzlich die M\u00f6glichkeit, den B\u00fcrgerbus zu nutzen.  Abfahrzeiten, sowie Haltestellen werden hier zeitnah ver\u00f6ffentlicht<\/p>\n\n\n\n<figure class=\"wp-block-image size-full\"><img fetchpriority=\"high\" decoding=\"async\" width=\"839\" height=\"612\" src=\"https:\/\/www.schuetzenverein-hailfingen.de\/wp-content\/uploads\/2026\/03\/Anfahrt.png\" alt=\"\" class=\"wp-image-816\" srcset=\"https:\/\/www.schuetzenverein-hailfingen.de\/wp-content\/uploads\/2026\/03\/Anfahrt.png 839w, https:\/\/www.schuetzenverein-hailfingen.de\/wp-content\/uploads\/2026\/03\/Anfahrt-768x560.png 768w\" sizes=\"(max-width: 767px) 89vw, (max-width: 1000px) 54vw, (max-width: 1071px) 543px, 580px\" \/><\/figure>\n","protected":false},"excerpt":{"rendered":"<p>Adresse: Sch\u00fctzenhaus Hailfingen, Obere Torstra\u00dfe 100, 72108 Rottenburg-Hailfingen Anreise mit dem Auto:Die Anfahrt erfolgt \u00fcber die Obere Torstra\u00dfe (Stra\u00dfe zwischen den Ortschaften Hailfingen und Seebronn) Parkm\u00f6glichkeiten:F\u00fcr unsere G\u00e4ste ist ein ausgewiesener Parkplatz auf einer Wiese vorhanden. Bitte folge der Beschilderung und den Einweisungen vor Ort. B\u00fcrgerbus Sonntag 17. Mai:Am Sonntag besteht zus\u00e4tzlich die M\u00f6glichkeit, den &hellip; <\/p>\n<p class=\"link-more\"><a href=\"https:\/\/www.schuetzenverein-hailfingen.de\/?page_id=815\" class=\"more-link\"><span class=\"screen-reader-text\">\u201eAnfahrt &amp; Parken\u201c <\/span>weiterlesen<\/a><\/p>\n","protected":false},"author":5,"featured_media":0,"parent":731,"menu_order":0,"comment_status":"closed","ping_status":"closed","template":"","meta":{"footnotes":""},"class_list":["post-815","page","type-page","status-publish","hentry"],"_links":{"self":[{"href":"https:\/\/www.schuetzenverein-hailfingen.de\/index.php?rest_route=\/wp\/v2\/pages\/815","targetHints":{"allow":["GET"]}}],"collection":[{"href":"https:\/\/www.schuetzenverein-hailfingen.de\/index.php?rest_route=\/wp\/v2\/pages"}],"about":[{"href":"https:\/\/www.schuetzenverein-hailfingen.de\/index.php?rest_route=\/wp\/v2\/types\/page"}],"author":[{"embeddable":true,"href":"https:\/\/www.schuetzenverein-hailfingen.de\/index.php?rest_route=\/wp\/v2\/users\/5"}],"replies":[{"embeddable":true,"href":"https:\/\/www.schuetzenverein-hailfingen.de\/index.php?rest_route=%2Fwp%2Fv2%2Fcomments&post=815"}],"version-history":[{"count":2,"href":"https:\/\/www.schuetzenverein-hailfingen.de\/index.php?rest_route=\/wp\/v2\/pages\/815\/revisions"}],"predecessor-version":[{"id":819,"href":"https:\/\/www.schuetzenverein-hailfingen.de\/index.php?rest_route=\/wp\/v2\/pages\/815\/revisions\/819"}],"up":[{"embeddable":true,"href":"https:\/\/www.schuetzenverein-hailfingen.de\/index.php?rest_route=\/wp\/v2\/pages\/731"}],"wp:attachment":[{"href":"https:\/\/www.schuetzenverein-hailfingen.de\/index.php?rest_route=%2Fwp%2Fv2%2Fmedia&parent=815"}],"curies":[{"name":"wp","href":"https:\/\/api.w.org\/{rel}","templated":true}]}}